{"id":7,"date":"2020-07-19T14:38:40","date_gmt":"2020-07-19T14:38:40","guid":{"rendered":"https:\/\/displacement.sps.ed.ac.uk\/?page_id=7"},"modified":"2021-04-07T15:45:36","modified_gmt":"2021-04-07T15:45:36","slug":"home","status":"publish","type":"page","link":"https:\/\/displacement.sps.ed.ac.uk\/fr\/","title":{"rendered":"Page d'accueil"},"content":{"rendered":"<div data-elementor-type=\"wp-post\" data-elementor-id=\"7\" class=\"elementor elementor-7\">\n\t\t\t\t\t\t<section class=\"elementor-section elementor-top-section elementor-element elementor-element-7ae8eb8 elementor-section-height-min-height elementor-section-content-middle elementor-section-boxed elementor-section-height-default elementor-section-items-middle\" data-id=\"7ae8eb8\" data-element_type=\"section\" data-settings=\"{&quot;background_background&quot;:&quot;classic&quot;}\">\n\t\t\t\t\t\t\t<div class=\"elementor-background-overlay\"><\/div>\n\t\t\t\t\t\t\t<div class=\"elementor-container elementor-column-gap-no\">\n\t\t\t\t\t<div class=\"elementor-column elementor-col-100 elementor-top-column elementor-element elementor-element-e734523\" data-id=\"e734523\" data-element_type=\"column\">\n\t\t\t<div class=\"elementor-widget-wrap elementor-element-populated\">\n\t\t\t\t\t\t<div class=\"elementor-element elementor-element-291db26 elementor-widget elementor-widget-heading\" data-id=\"291db26\" data-element_type=\"widget\" data-widget_type=\"heading.default\">\n\t\t\t\t<div class=\"elementor-widget-container\">\n\t\t\t\t\t<h1 class=\"elementor-heading-title elementor-size-default\">Am\u00e9liorer les soins de sant\u00e9 \u00e0 l'intersection du genre et des d\u00e9placements prolong\u00e9s parmi les r\u00e9fugi\u00e9s et d\u00e9plac\u00e9s internes somaliens et congolais<\/h1>\t\t\t\t<\/div>\n\t\t\t\t<\/div>\n\t\t\t\t\t<\/div>\n\t\t<\/div>\n\t\t\t\t\t<\/div>\n\t\t<\/section>\n\t\t\t\t<section class=\"elementor-section elementor-top-section elementor-element elementor-element-af5e31b elementor-section-content-middle elementor-reverse-mobile elementor-section-boxed elementor-section-height-default elementor-section-height-default\" data-id=\"af5e31b\" data-element_type=\"section\">\n\t\t\t\t\t\t<div class=\"elementor-container elementor-column-gap-default\">\n\t\t\t\t\t<div class=\"elementor-column elementor-col-50 elementor-top-column elementor-element elementor-element-5b46a99\" data-id=\"5b46a99\" data-element_type=\"column\">\n\t\t\t<div class=\"elementor-widget-wrap elementor-element-populated\">\n\t\t\t\t\t\t<div class=\"elementor-element elementor-element-cf5e887 elementor-widget elementor-widget-heading\" data-id=\"cf5e887\" data-element_type=\"widget\" data-widget_type=\"heading.default\">\n\t\t\t\t<div class=\"elementor-widget-container\">\n\t\t\t\t\t<h1 class=\"elementor-heading-title elementor-size-default\">A propos du projet<\/h1>\t\t\t\t<\/div>\n\t\t\t\t<\/div>\n\t\t\t\t<div class=\"elementor-element elementor-element-5b90eb9 elementor-widget elementor-widget-text-editor\" data-id=\"5b90eb9\" data-element_type=\"widget\" data-widget_type=\"text-editor.default\">\n\t\t\t\t<div class=\"elementor-widget-container\">\n\t\t\t\t\t\t\t\t\t<p>DiSoCo est un projet financ\u00e9 par le fonds \u00ab\u202fD\u00e9placements Prolong\u00e9s\u202f\u00bb (Potracted Displacement) du Global Challenges Research Fund (fonds de recherche sur les d\u00e9fis globaux, GCRF). Il vise \u00e0 assister les personnes d\u00e9plac\u00e9es somaliennes et congolaises \u00e0 acc\u00e9der aux soins appropri\u00e9s pour les probl\u00e8mes de sant\u00e9 mentale chroniques associ\u00e9s aux d\u00e9placements prolong\u00e9s, aux conflits et \u00e0 la violence sexuelle bas\u00e9e sur le genre.\u00a0<\/p><p class=\"translation-block\">DiSoCo est un projet multi-sites qui se concentre sur les Personnes D\u00e9plac\u00e9es Internes (PDI) Somaliennes et Congolaises qui vivent (respectivement) en Somalie et dans l'Est de la RDC et sur les r\u00e9fugi\u00e9s et demandeurs d'asile Somaliens et Congolais au Kenya et en Afrique du Sud.<\/p><p class=\"translation-block\">L'\u00e9quipe DiSoCo rassemble des chercheurs et praticiens du d\u00e9veloppement international, des \u00e9tudes sur les migrations, des \u00e9tude sur le genre, d'anthropologie m\u00e9dicale, de sant\u00e9 publique, de politiques de sant\u00e9 et des sciences m\u00e9dicales afin de mener des \u00e9tudes empiriques et interdisciplinaires dans ces contextes de d\u00e9placement prolong\u00e9.<\/p><p class=\"translation-block\">Des sp\u00e9cialistes de la Fondation Panzi (RDC), d'ARQ International (Pays-Bas) et de l'Universit\u00e9 Queen Margaret (Royaume-Uni) soutiennent des \u00e9quipes de chercheurs bas\u00e9es \u00e0 :<\/p><ul><li><span class=\"TextRun SCXW223260675 BCX0\" lang=\"EN-GB\" xml:lang=\"EN-GB\" data-contrast=\"auto\"><span class=\"NormalTextRun SCXW223260675 BCX0\">l\u2019\u00c9cole de sant\u00e9 publique de Kinshasa <\/span><\/span><span class=\"TextRun SCXW223260675 BCX0\" lang=\"EN-GB\" xml:lang=\"EN-GB\" data-contrast=\"auto\"><span class=\"NormalTextRun SCXW223260675 BCX0\">(RDC)<\/span><\/span><\/li><li><span class=\"TextRun SCXW223260675 BCX0\" lang=\"EN-GB\" xml:lang=\"EN-GB\" data-contrast=\"auto\"><span class=\"NormalTextRun SCXW223260675 BCX0\">l\u2019Universit\u00e9 Evang\u00e9lique en Afrique (RDC)<\/span><\/span><\/li><li><span class=\"TextRun SCXW223260675 BCX0\" lang=\"EN-GB\" xml:lang=\"EN-GB\" data-contrast=\"auto\"><span class=\"NormalTextRun SCXW223260675 BCX0\">l\u2019Institut somalien pour le d\u00e9veloppement et la recherche (Somalie)<\/span><\/span><\/li><li class=\"translation-block\">l\u2019Universit\u00e9 internationale Amref (Kenya)<\/li><li><span class=\"TextRun SCXW223260675 BCX0\" lang=\"EN-GB\" xml:lang=\"EN-GB\" data-contrast=\"auto\"><span class=\"NormalTextRun SCXW223260675 BCX0\">l\u2019Universit\u00e9 du Witwatersrand (Afrique du Sud)<\/span><\/span><\/li><li><span class=\"TextRun SCXW223260675 BCX0\" lang=\"EN-GB\" xml:lang=\"EN-GB\" data-contrast=\"auto\"><span class=\"NormalTextRun SCXW223260675 BCX0\">L'Universit\u00e9 d'\u00c9dimbourg (Royaume-Uni)<\/span><\/span><\/li><\/ul>\t\t\t\t\t\t\t\t<\/div>\n\t\t\t\t<\/div>\n\t\t\t\t<div class=\"elementor-element elementor-element-ec8678f elementor-align-left elementor-mobile-align-center elementor-widget elementor-widget-button\" data-id=\"ec8678f\" data-element_type=\"widget\" data-widget_type=\"button.default\">\n\t\t\t\t<div class=\"elementor-widget-container\">\n\t\t\t\t\t\t\t\t\t<div class=\"elementor-button-wrapper\">\n\t\t\t\t\t<a class=\"elementor-button elementor-button-link elementor-size-md\" href=\"https:\/\/displacement.sps.ed.ac.uk\/fr\/about\/\">\n\t\t\t\t\t\t<span class=\"elementor-button-content-wrapper\">\n\t\t\t\t\t\t<span class=\"elementor-button-icon\">\n\t\t\t\t<i aria-hidden=\"true\" class=\"fas fa-angle-double-right\"><\/i>\t\t\t<\/span>\n\t\t\t\t\t\t\t\t\t<span class=\"elementor-button-text\">Read more about the project<\/span>\n\t\t\t\t\t<\/span>\n\t\t\t\t\t<\/a>\n\t\t\t\t<\/div>\n\t\t\t\t\t\t\t\t<\/div>\n\t\t\t\t<\/div>\n\t\t\t\t\t<\/div>\n\t\t<\/div>\n\t\t\t\t<div class=\"elementor-column elementor-col-50 elementor-top-column elementor-element elementor-element-3fcd611\" data-id=\"3fcd611\" data-element_type=\"column\">\n\t\t\t<div class=\"elementor-widget-wrap elementor-element-populated\">\n\t\t\t\t\t\t<div class=\"elementor-element elementor-element-d930b61 elementor-widget elementor-widget-image\" data-id=\"d930b61\" data-element_type=\"widget\" loading=\"lazy\" data-widget_type=\"image.default\">\n\t\t\t\t<div class=\"elementor-widget-container\">\n\t\t\t\t\t\t\t\t\t\t\t\t\t\t\t<img fetchpriority=\"high\" decoding=\"async\" width=\"1000\" height=\"561\" src=\"https:\/\/displacement.sps.ed.ac.uk\/wp-content\/uploads\/2020\/07\/somalia_displacement.jpg\" class=\"attachment-full size-full wp-image-27\" alt=\"Decorative image: Somalia pots\" srcset=\"https:\/\/displacement.sps.ed.ac.uk\/wp-content\/uploads\/2020\/07\/somalia_displacement.jpg 1000w, https:\/\/displacement.sps.ed.ac.uk\/wp-content\/uploads\/2020\/07\/somalia_displacement-300x168.jpg 300w, https:\/\/displacement.sps.ed.ac.uk\/wp-content\/uploads\/2020\/07\/somalia_displacement-768x431.jpg 768w\" sizes=\"(max-width: 1000px) 100vw, 1000px\" \/>\t\t\t\t\t\t\t\t\t\t\t\t\t\t\t<\/div>\n\t\t\t\t<\/div>\n\t\t\t\t\t<\/div>\n\t\t<\/div>\n\t\t\t\t\t<\/div>\n\t\t<\/section>\n\t\t\t\t<section class=\"elementor-section elementor-top-section elementor-element elementor-element-52cdaca elementor-section-content-middle elementor-reverse-mobile elementor-section-boxed elementor-section-height-default elementor-section-height-default\" data-id=\"52cdaca\" data-element_type=\"section\">\n\t\t\t\t\t\t<div class=\"elementor-container elementor-column-gap-default\">\n\t\t\t\t\t<div class=\"elementor-column elementor-col-50 elementor-top-column elementor-element elementor-element-9dcf8ff\" data-id=\"9dcf8ff\" data-element_type=\"column\">\n\t\t\t<div class=\"elementor-widget-wrap elementor-element-populated\">\n\t\t\t\t\t\t<div class=\"elementor-element elementor-element-a4d3b6d elementor-widget elementor-widget-heading\" data-id=\"a4d3b6d\" data-element_type=\"widget\" data-widget_type=\"heading.default\">\n\t\t\t\t<div class=\"elementor-widget-container\">\n\t\t\t\t\t<h2 class=\"elementor-heading-title elementor-size-default\">Recherche<\/h2>\t\t\t\t<\/div>\n\t\t\t\t<\/div>\n\t\t\t\t<div class=\"elementor-element elementor-element-efe37fa elementor-widget elementor-widget-text-editor\" data-id=\"efe37fa\" data-element_type=\"widget\" data-widget_type=\"text-editor.default\">\n\t\t\t\t<div class=\"elementor-widget-container\">\n\t\t\t\t\t\t\t\t\t<p class=\"translation-block\">DiSoCo comprend sept lots abordant chacun un objectif diff\u00e9rent :<\/p><p><span data-contrast=\"auto\">Phase I<\/span><span data-contrast=\"auto\">\u00a0(2020):<\/span><\/p><ul><li><span data-contrast=\"auto\">identifier les processus et mod\u00e8les existant au niveau des politiques publiques, afin de d\u00e9velopper une grille d\u2019analyse de nos contextes de d\u00e9placement prolong\u00e9.<\/span><\/li><li class=\"translation-block\">identifier les principaux probl\u00e8mes de sant\u00e9 mentale chroniques n\u00e9glig\u00e9s (et les probl\u00e8mes physiques morbides) associ\u00e9s au d\u00e9placement, \u00e0 la violence et \u00e0 la dimension genr\u00e9e des conflits<\/li><\/ul>\t\t\t\t\t\t\t\t<\/div>\n\t\t\t\t<\/div>\n\t\t\t\t<div class=\"elementor-element elementor-element-e7e55d5 elementor-align-left elementor-mobile-align-center elementor-widget elementor-widget-button\" data-id=\"e7e55d5\" data-element_type=\"widget\" data-widget_type=\"button.default\">\n\t\t\t\t<div class=\"elementor-widget-container\">\n\t\t\t\t\t\t\t\t\t<div class=\"elementor-button-wrapper\">\n\t\t\t\t\t<a class=\"elementor-button elementor-button-link elementor-size-md\" href=\"\/fr\/Research\/\">\n\t\t\t\t\t\t<span class=\"elementor-button-content-wrapper\">\n\t\t\t\t\t\t<span class=\"elementor-button-icon\">\n\t\t\t\t<i aria-hidden=\"true\" class=\"fas fa-angle-double-right\"><\/i>\t\t\t<\/span>\n\t\t\t\t\t\t\t\t\t<span class=\"elementor-button-text\">Read more on our work packages<\/span>\n\t\t\t\t\t<\/span>\n\t\t\t\t\t<\/a>\n\t\t\t\t<\/div>\n\t\t\t\t\t\t\t\t<\/div>\n\t\t\t\t<\/div>\n\t\t\t\t\t<\/div>\n\t\t<\/div>\n\t\t\t\t<div class=\"elementor-column elementor-col-50 elementor-top-column elementor-element elementor-element-be0b956\" data-id=\"be0b956\" data-element_type=\"column\">\n\t\t\t<div class=\"elementor-widget-wrap elementor-element-populated\">\n\t\t\t\t\t\t<div class=\"elementor-element elementor-element-c0f3ef3 elementor-widget elementor-widget-image\" data-id=\"c0f3ef3\" data-element_type=\"widget\" loading=\"lazy\" data-widget_type=\"image.default\">\n\t\t\t\t<div class=\"elementor-widget-container\">\n\t\t\t\t\t\t\t\t\t\t\t\t<figure class=\"wp-caption\">\n\t\t\t\t\t\t\t\t\t\t<img decoding=\"async\" width=\"800\" height=\"536\" src=\"https:\/\/displacement.sps.ed.ac.uk\/wp-content\/uploads\/2020\/07\/research_home.jpg\" class=\"attachment-full size-full wp-image-133\" alt=\"Research themes\" srcset=\"https:\/\/displacement.sps.ed.ac.uk\/wp-content\/uploads\/2020\/07\/research_home.jpg 800w, https:\/\/displacement.sps.ed.ac.uk\/wp-content\/uploads\/2020\/07\/research_home-300x201.jpg 300w, https:\/\/displacement.sps.ed.ac.uk\/wp-content\/uploads\/2020\/07\/research_home-768x515.jpg 768w\" sizes=\"(max-width: 800px) 100vw, 800px\" \/>\t\t\t\t\t\t\t\t\t\t\t<figcaption class=\"widget-image-caption wp-caption-text\">Photo by: Madoda Mkhobeni<\/figcaption>\n\t\t\t\t\t\t\t\t\t\t<\/figure>\n\t\t\t\t\t\t\t\t\t<\/div>\n\t\t\t\t<\/div>\n\t\t\t\t\t<\/div>\n\t\t<\/div>\n\t\t\t\t\t<\/div>\n\t\t<\/section>\n\t\t\t\t<section class=\"elementor-section elementor-top-section elementor-element elementor-element-0e648f1 elementor-section-boxed elementor-section-height-default elementor-section-height-default\" data-id=\"0e648f1\" data-element_type=\"section\">\n\t\t\t\t\t\t<div class=\"elementor-container elementor-column-gap-default\">\n\t\t\t\t\t<div class=\"elementor-column elementor-col-100 elementor-top-column elementor-element elementor-element-354dc18\" data-id=\"354dc18\" data-element_type=\"column\">\n\t\t\t<div class=\"elementor-widget-wrap elementor-element-populated\">\n\t\t\t\t\t\t<div class=\"elementor-element elementor-element-b00acc5 elementor-widget elementor-widget-text-editor\" data-id=\"b00acc5\" data-element_type=\"widget\" data-widget_type=\"text-editor.default\">\n\t\t\t\t<div class=\"elementor-widget-container\">\n\t\t\t\t\t\t\t\t\t<p>&#8212;&#8212;&#8212;&#8212;&#8212;&#8211;<\/p><p>Home page main banner photo by: Madoda Mkhobeni<\/p>\t\t\t\t\t\t\t\t<\/div>\n\t\t\t\t<\/div>\n\t\t\t\t\t<\/div>\n\t\t<\/div>\n\t\t\t\t\t<\/div>\n\t\t<\/section>\n\t\t\t\t<\/div>","protected":false},"excerpt":{"rendered":"<p>Best Quality Plants Amazing Variety Of Plants Starting Just $6 Shop Now Plants Collection Any plants for your space Free Shipping Free shipping on order 100% Money Back If the item didn&#8217;t suit you Beautiful Plant Varieties Luctus nec ullamcorper mattis, pulvinar dapibus leo. See Collection Trendy Cactus Varieties Luctus nec ullamcorper mattis, pulvinar dapibus &hellip;<\/p>\n<p class=\"read-more\"> <a class=\"\" href=\"https:\/\/websitedemos.net\/plant-store-02\/\"> <span class=\"screen-reader-text\">Page d'accueil<\/span> Read More &raquo;<\/a><\/p>","protected":false},"author":1,"featured_media":0,"parent":0,"menu_order":0,"comment_status":"closed","ping_status":"closed","template":"elementor_header_footer","meta":{"site-sidebar-layout":"no-sidebar","site-content-layout":"page-builder","ast-site-content-layout":"","site-content-style":"default","site-sidebar-style":"default","ast-global-header-display":"","ast-banner-title-visibility":"","ast-main-header-display":"","ast-hfb-above-header-display":"","ast-hfb-below-header-display":"","ast-hfb-mobile-header-display":"","site-post-title":"disabled","ast-breadcrumbs-content":"","ast-featured-img":"disabled","footer-sml-layout":"","theme-transparent-header-meta":"enabled","adv-header-id-meta":"","stick-header-meta":"","header-above-stick-meta":"","header-main-stick-meta":"","header-below-stick-meta":"","astra-migrate-meta-layouts":"default","ast-page-background-enabled":"default","ast-page-background-meta":{"desktop":{"background-color":"","background-image":"","background-repeat":"repeat","background-position":"center center","background-size":"auto","background-attachment":"scroll","background-type":"","background-media":"","overlay-type":"","overlay-color":"","overlay-opacity":"","overlay-gradient":""},"tablet":{"background-color":"","background-image":"","background-repeat":"repeat","background-position":"center center","background-size":"auto","background-attachment":"scroll","background-type":"","background-media":"","overlay-type":"","overlay-color":"","overlay-opacity":"","overlay-gradient":""},"mobile":{"background-color":"","background-image":"","background-repeat":"repeat","background-position":"center center","background-size":"auto","background-attachment":"scroll","background-type":"","background-media":"","overlay-type":"","overlay-color":"","overlay-opacity":"","overlay-gradient":""}},"ast-content-background-meta":{"desktop":{"background-color":"var(--ast-global-color-5)","background-image":"","background-repeat":"repeat","background-position":"center center","background-size":"auto","background-attachment":"scroll","background-type":"","background-media":"","overlay-type":"","overlay-color":"","overlay-opacity":"","overlay-gradient":""},"tablet":{"background-color":"var(--ast-global-color-5)","background-image":"","background-repeat":"repeat","background-position":"center center","background-size":"auto","background-attachment":"scroll","background-type":"","background-media":"","overlay-type":"","overlay-color":"","overlay-opacity":"","overlay-gradient":""},"mobile":{"background-color":"var(--ast-global-color-5)","background-image":"","background-repeat":"repeat","background-position":"center center","background-size":"auto","background-attachment":"scroll","background-type":"","background-media":"","overlay-type":"","overlay-color":"","overlay-opacity":"","overlay-gradient":""}},"footnotes":""},"class_list":["post-7","page","type-page","status-publish","hentry"],"_links":{"self":[{"href":"https:\/\/displacement.sps.ed.ac.uk\/fr\/wp-json\/wp\/v2\/pages\/7","targetHints":{"allow":["GET"]}}],"collection":[{"href":"https:\/\/displacement.sps.ed.ac.uk\/fr\/wp-json\/wp\/v2\/pages"}],"about":[{"href":"https:\/\/displacement.sps.ed.ac.uk\/fr\/wp-json\/wp\/v2\/types\/page"}],"author":[{"embeddable":true,"href":"https:\/\/displacement.sps.ed.ac.uk\/fr\/wp-json\/wp\/v2\/users\/1"}],"replies":[{"embeddable":true,"href":"https:\/\/displacement.sps.ed.ac.uk\/fr\/wp-json\/wp\/v2\/comments?post=7"}],"version-history":[{"count":0,"href":"https:\/\/displacement.sps.ed.ac.uk\/fr\/wp-json\/wp\/v2\/pages\/7\/revisions"}],"wp:attachment":[{"href":"https:\/\/displacement.sps.ed.ac.uk\/fr\/wp-json\/wp\/v2\/media?parent=7"}],"curies":[{"name":"wp","href":"https:\/\/api.w.org\/{rel}","templated":true}]}}