{"id":170,"date":"2020-07-20T10:06:11","date_gmt":"2020-07-20T10:06:11","guid":{"rendered":"https:\/\/displacement.sps.ed.ac.uk\/?page_id=170"},"modified":"2022-11-07T12:21:39","modified_gmt":"2022-11-07T12:21:39","slug":"research","status":"publish","type":"page","link":"https:\/\/displacement.sps.ed.ac.uk\/fr\/research\/","title":{"rendered":"Recherche"},"content":{"rendered":"<div data-elementor-type=\"wp-page\" data-elementor-id=\"170\" class=\"elementor elementor-170\">\n\t\t\t\t\t\t<section class=\"elementor-section elementor-top-section elementor-element elementor-element-68b59b0 elementor-section-height-min-height elementor-section-content-middle elementor-section-boxed elementor-section-height-default elementor-section-items-middle\" data-id=\"68b59b0\" data-element_type=\"section\" data-settings=\"{&quot;background_background&quot;:&quot;classic&quot;}\">\n\t\t\t\t\t\t\t<div class=\"elementor-background-overlay\"><\/div>\n\t\t\t\t\t\t\t<div class=\"elementor-container elementor-column-gap-no\">\n\t\t\t\t\t<div class=\"elementor-column elementor-col-100 elementor-top-column elementor-element elementor-element-849cee0\" data-id=\"849cee0\" data-element_type=\"column\">\n\t\t\t<div class=\"elementor-widget-wrap\">\n\t\t\t\t\t\t\t<\/div>\n\t\t<\/div>\n\t\t\t\t\t<\/div>\n\t\t<\/section>\n\t\t\t\t<section class=\"elementor-section elementor-top-section elementor-element elementor-element-0f63db6 elementor-section-boxed elementor-section-height-default elementor-section-height-default\" data-id=\"0f63db6\" data-element_type=\"section\">\n\t\t\t\t\t\t<div class=\"elementor-container elementor-column-gap-default\">\n\t\t\t\t\t<div class=\"elementor-column elementor-col-100 elementor-top-column elementor-element elementor-element-ff90cd3\" data-id=\"ff90cd3\" data-element_type=\"column\">\n\t\t\t<div class=\"elementor-widget-wrap elementor-element-populated\">\n\t\t\t\t\t\t<div class=\"elementor-element elementor-element-723c4b6 elementor-widget elementor-widget-heading\" data-id=\"723c4b6\" data-element_type=\"widget\" data-widget_type=\"heading.default\">\n\t\t\t\t<div class=\"elementor-widget-container\">\n\t\t\t\t\t<h1 class=\"elementor-heading-title elementor-size-default\">Recherche<\/h1>\t\t\t\t<\/div>\n\t\t\t\t<\/div>\n\t\t\t\t<div class=\"elementor-element elementor-element-e7a6270 elementor-widget elementor-widget-text-editor\" data-id=\"e7a6270\" data-element_type=\"widget\" data-widget_type=\"text-editor.default\">\n\t\t\t\t<div class=\"elementor-widget-container\">\n\t\t\t\t\t\t\t\t\t<p class=\"translation-block\">DiSoCo comprend sept lots de travaux abordant chacun un objectif diff\u00e9rent de l\u2019autre.<\/p>\t\t\t\t\t\t\t\t<\/div>\n\t\t\t\t<\/div>\n\t\t\t\t\t<\/div>\n\t\t<\/div>\n\t\t\t\t\t<\/div>\n\t\t<\/section>\n\t\t\t\t<section class=\"elementor-section elementor-top-section elementor-element elementor-element-e1788c5 elementor-section-boxed elementor-section-height-default elementor-section-height-default\" data-id=\"e1788c5\" data-element_type=\"section\">\n\t\t\t\t\t\t<div class=\"elementor-container elementor-column-gap-default\">\n\t\t\t\t\t<div class=\"elementor-column elementor-col-33 elementor-top-column elementor-element elementor-element-7ce9a9e\" data-id=\"7ce9a9e\" data-element_type=\"column\">\n\t\t\t<div class=\"elementor-widget-wrap elementor-element-populated\">\n\t\t\t\t\t\t<div class=\"elementor-element elementor-element-6de80d2 elementor-widget elementor-widget-image\" data-id=\"6de80d2\" data-element_type=\"widget\" data-widget_type=\"image.default\">\n\t\t\t\t<div class=\"elementor-widget-container\">\n\t\t\t\t\t\t\t\t\t\t\t\t<figure class=\"wp-caption\">\n\t\t\t\t\t\t\t\t\t\t<img fetchpriority=\"high\" decoding=\"async\" width=\"1000\" height=\"667\" src=\"https:\/\/displacement.sps.ed.ac.uk\/wp-content\/uploads\/2020\/07\/about_righbar.jpg\" class=\"attachment-large size-large wp-image-147\" alt=\"decorative image of man crossing road\" srcset=\"https:\/\/displacement.sps.ed.ac.uk\/wp-content\/uploads\/2020\/07\/about_righbar.jpg 1000w, https:\/\/displacement.sps.ed.ac.uk\/wp-content\/uploads\/2020\/07\/about_righbar-300x200.jpg 300w, https:\/\/displacement.sps.ed.ac.uk\/wp-content\/uploads\/2020\/07\/about_righbar-768x512.jpg 768w\" sizes=\"(max-width: 1000px) 100vw, 1000px\" \/>\t\t\t\t\t\t\t\t\t\t\t<figcaption class=\"widget-image-caption wp-caption-text\">Photo by: Madoda Mkhobeni<\/figcaption>\n\t\t\t\t\t\t\t\t\t\t<\/figure>\n\t\t\t\t\t\t\t\t\t<\/div>\n\t\t\t\t<\/div>\n\t\t\t\t<div class=\"elementor-element elementor-element-f52951f elementor-widget elementor-widget-heading\" data-id=\"f52951f\" data-element_type=\"widget\" data-widget_type=\"heading.default\">\n\t\t\t\t<div class=\"elementor-widget-container\">\n\t\t\t\t\t<h2 class=\"elementor-heading-title elementor-size-default\">Phase I (2020) <\/h2>\t\t\t\t<\/div>\n\t\t\t\t<\/div>\n\t\t\t\t<div class=\"elementor-element elementor-element-446b56b elementor-widget elementor-widget-text-editor\" data-id=\"446b56b\" data-element_type=\"widget\" data-widget_type=\"text-editor.default\">\n\t\t\t\t<div class=\"elementor-widget-container\">\n\t\t\t\t\t\t\t\t\t<p><a href=\"https:\/\/displacement.sps.ed.ac.uk\/fr\/WP1\/\">1. identifier les processus et mod\u00e8les existant au niveau des politiques publiques, afin de d\u00e9velopper une grille d\u2019analyse de nos contextes de d\u00e9placement prolong\u00e9.<\/a><\/p><p><a href=\"https:\/\/displacement.sps.ed.ac.uk\/fr\/WP2\/\">2. identifier les principaux probl\u00e8mes de sant\u00e9 mentale chroniques n\u00e9glig\u00e9s (et les probl\u00e8mes physiques morbides) associ\u00e9s au d\u00e9placement, \u00e0 la violence et \u00e0 la dimension genr\u00e9e des conflits<\/a><\/p>\t\t\t\t\t\t\t\t<\/div>\n\t\t\t\t<\/div>\n\t\t\t\t\t<\/div>\n\t\t<\/div>\n\t\t\t\t<div class=\"elementor-column elementor-col-33 elementor-top-column elementor-element elementor-element-e453681\" data-id=\"e453681\" data-element_type=\"column\">\n\t\t\t<div class=\"elementor-widget-wrap elementor-element-populated\">\n\t\t\t\t\t\t<div class=\"elementor-element elementor-element-eea757d elementor-widget elementor-widget-image\" data-id=\"eea757d\" data-element_type=\"widget\" data-widget_type=\"image.default\">\n\t\t\t\t<div class=\"elementor-widget-container\">\n\t\t\t\t\t\t\t\t\t\t\t\t<figure class=\"wp-caption\">\n\t\t\t\t\t\t\t\t\t\t<img decoding=\"async\" src=\"https:\/\/displacement.sps.ed.ac.uk\/wp-content\/uploads\/2020\/08\/img4012-scaled-e1597399371513.jpg\" title=\"phase 2\" alt=\"decorative image of building\" loading=\"lazy\" \/>\t\t\t\t\t\t\t\t\t\t\t<figcaption class=\"widget-image-caption wp-caption-text\">Photo by: Madoda Mkhobeni<\/figcaption>\n\t\t\t\t\t\t\t\t\t\t<\/figure>\n\t\t\t\t\t\t\t\t\t<\/div>\n\t\t\t\t<\/div>\n\t\t\t\t<div class=\"elementor-element elementor-element-ad59a94 elementor-widget elementor-widget-heading\" data-id=\"ad59a94\" data-element_type=\"widget\" data-widget_type=\"heading.default\">\n\t\t\t\t<div class=\"elementor-widget-container\">\n\t\t\t\t\t<h2 class=\"elementor-heading-title elementor-size-default\">Phase II (2021-22)<\/h2>\t\t\t\t<\/div>\n\t\t\t\t<\/div>\n\t\t\t\t<div class=\"elementor-element elementor-element-f3bce50 elementor-widget elementor-widget-text-editor\" data-id=\"f3bce50\" data-element_type=\"widget\" data-widget_type=\"text-editor.default\">\n\t\t\t\t<div class=\"elementor-widget-container\">\n\t\t\t\t\t\t\t\t\t<p><a href=\"https:\/\/displacement.sps.ed.ac.uk\/fr\/WP3\/\">3. Cartographier les types et localisations des prestataires de soins de sant\u00e9 auxquels les personnes d\u00e9plac\u00e9es ont acc\u00e8s.<\/a><\/p><p><a href=\"https:\/\/displacement.sps.ed.ac.uk\/fr\/WP4\/\">4. Documenter comment le genre et d\u2019autres facteurs influencent les comportements des personnes d\u00e9plac\u00e9es au niveau de la recherche de soins.\u00a0<\/a><\/p><p>5. Fa\u00e7onner les syst\u00e8mes de sant\u00e9 pour les rendre plus r\u00e9actifs aux besoins des personnes d\u00e9plac\u00e9es\u00a0<\/p>\t\t\t\t\t\t\t\t<\/div>\n\t\t\t\t<\/div>\n\t\t\t\t\t<\/div>\n\t\t<\/div>\n\t\t\t\t<div class=\"elementor-column elementor-col-33 elementor-top-column elementor-element elementor-element-f6ee9cc\" data-id=\"f6ee9cc\" data-element_type=\"column\">\n\t\t\t<div class=\"elementor-widget-wrap elementor-element-populated\">\n\t\t\t\t\t\t<div class=\"elementor-element elementor-element-9dd228f elementor-widget elementor-widget-image\" data-id=\"9dd228f\" data-element_type=\"widget\" data-widget_type=\"image.default\">\n\t\t\t\t<div class=\"elementor-widget-container\">\n\t\t\t\t\t\t\t\t\t\t\t\t<figure class=\"wp-caption\">\n\t\t\t\t\t\t\t\t\t\t<img decoding=\"async\" width=\"1000\" height=\"667\" src=\"https:\/\/displacement.sps.ed.ac.uk\/wp-content\/uploads\/2020\/08\/img359-3.jpg\" class=\"attachment-large size-large wp-image-572\" alt=\"decorative image of supermarket trolley\" srcset=\"https:\/\/displacement.sps.ed.ac.uk\/wp-content\/uploads\/2020\/08\/img359-3.jpg 1000w, https:\/\/displacement.sps.ed.ac.uk\/wp-content\/uploads\/2020\/08\/img359-3-300x200.jpg 300w, https:\/\/displacement.sps.ed.ac.uk\/wp-content\/uploads\/2020\/08\/img359-3-768x512.jpg 768w\" sizes=\"(max-width: 1000px) 100vw, 1000px\" \/>\t\t\t\t\t\t\t\t\t\t\t<figcaption class=\"widget-image-caption wp-caption-text\">Photo by: Madoda Mkhobeni<\/figcaption>\n\t\t\t\t\t\t\t\t\t\t<\/figure>\n\t\t\t\t\t\t\t\t\t<\/div>\n\t\t\t\t<\/div>\n\t\t\t\t<div class=\"elementor-element elementor-element-60d50e1 elementor-widget elementor-widget-heading\" data-id=\"60d50e1\" data-element_type=\"widget\" data-widget_type=\"heading.default\">\n\t\t\t\t<div class=\"elementor-widget-container\">\n\t\t\t\t\t<h2 class=\"elementor-heading-title elementor-size-default\">Phase III (2023)<\/h2>\t\t\t\t<\/div>\n\t\t\t\t<\/div>\n\t\t\t\t<div class=\"elementor-element elementor-element-5cc3f4c elementor-widget elementor-widget-text-editor\" data-id=\"5cc3f4c\" data-element_type=\"widget\" data-widget_type=\"text-editor.default\">\n\t\t\t\t<div class=\"elementor-widget-container\">\n\t\t\t\t\t\t\t\t\t<p>6. Analyser comment l'acc\u00e8s aux soins de sant\u00e9 pour les personnes d\u00e9plac\u00e9es est affect\u00e9 par les syst\u00e8mes de sant\u00e9 locaux, nationaux, r\u00e9gionaux et mondiaux, et la politique relative aux r\u00e9fugi\u00e9s.<\/p><p>7. \u00c9tablir des fa\u00e7ons de soutenir des syst\u00e8mes de sant\u00e9 pluralistes pour qu\u2019ils englobent le diagnostic et le traitement des conditions n\u00e9glig\u00e9es associ\u00e9es aux d\u00e9placements prolong\u00e9s, aux conflits et \u00e0 la violence bas\u00e9e sur le genre.<\/p>\t\t\t\t\t\t\t\t<\/div>\n\t\t\t\t<\/div>\n\t\t\t\t\t<\/div>\n\t\t<\/div>\n\t\t\t\t\t<\/div>\n\t\t<\/section>\n\t\t\t\t<section class=\"elementor-section elementor-top-section elementor-element elementor-element-14a9bfb elementor-section-boxed elementor-section-height-default elementor-section-height-default\" data-id=\"14a9bfb\" data-element_type=\"section\">\n\t\t\t\t\t\t<div class=\"elementor-container elementor-column-gap-default\">\n\t\t\t\t\t<div class=\"elementor-column elementor-col-100 elementor-top-column elementor-element elementor-element-deb7096\" data-id=\"deb7096\" data-element_type=\"column\">\n\t\t\t<div class=\"elementor-widget-wrap elementor-element-populated\">\n\t\t\t\t\t\t<div class=\"elementor-element elementor-element-1ab0f4a elementor-widget elementor-widget-text-editor\" data-id=\"1ab0f4a\" data-element_type=\"widget\" data-widget_type=\"text-editor.default\">\n\t\t\t\t<div class=\"elementor-widget-container\">\n\t\t\t\t\t\t\t\t\t<p>&#8212;&#8212;&#8212;&#8212;&#8212;&#8211;<\/p><p>Research page main banner photo by: Clayton Boeyink<\/p>\t\t\t\t\t\t\t\t<\/div>\n\t\t\t\t<\/div>\n\t\t\t\t\t<\/div>\n\t\t<\/div>\n\t\t\t\t\t<\/div>\n\t\t<\/section>\n\t\t\t\t<\/div>","protected":false},"excerpt":{"rendered":"<p>Research DiSoCo\u00a0consists of seven work packages each addressing a different objective. Photo by: Madoda Mkhobeni Phase I (2020) 1. Identify existing policy process and models that could be made applicable to our various protracted displacement contexts. 2. Identify key neglected chronic mental health conditions (and comorbid physical conditions) associated with displacement, violence, and gendered conflict. [&hellip;]<\/p>","protected":false},"author":1,"featured_media":0,"parent":0,"menu_order":0,"comment_status":"closed","ping_status":"closed","template":"","meta":{"site-sidebar-layout":"no-sidebar","site-content-layout":"page-builder","ast-site-content-layout":"","site-content-style":"default","site-sidebar-style":"default","ast-global-header-display":"","ast-banner-title-visibility":"","ast-main-header-display":"","ast-hfb-above-header-display":"","ast-hfb-below-header-display":"","ast-hfb-mobile-header-display":"","site-post-title":"disabled","ast-breadcrumbs-content":"","ast-featured-img":"disabled","footer-sml-layout":"","theme-transparent-header-meta":"default","adv-header-id-meta":"","stick-header-meta":"","header-above-stick-meta":"","header-main-stick-meta":"","header-below-stick-meta":"","astra-migrate-meta-layouts":"default","ast-page-background-enabled":"default","ast-page-background-meta":{"desktop":{"background-color":"","background-image":"","background-repeat":"repeat","background-position":"center center","background-size":"auto","background-attachment":"scroll","background-type":"","background-media":"","overlay-type":"","overlay-color":"","overlay-opacity":"","overlay-gradient":""},"tablet":{"background-color":"","background-image":"","background-repeat":"repeat","background-position":"center center","background-size":"auto","background-attachment":"scroll","background-type":"","background-media":"","overlay-type":"","overlay-color":"","overlay-opacity":"","overlay-gradient":""},"mobile":{"background-color":"","background-image":"","background-repeat":"repeat","background-position":"center center","background-size":"auto","background-attachment":"scroll","background-type":"","background-media":"","overlay-type":"","overlay-color":"","overlay-opacity":"","overlay-gradient":""}},"ast-content-background-meta":{"desktop":{"background-color":"var(--ast-global-color-5)","background-image":"","background-repeat":"repeat","background-position":"center center","background-size":"auto","background-attachment":"scroll","background-type":"","background-media":"","overlay-type":"","overlay-color":"","overlay-opacity":"","overlay-gradient":""},"tablet":{"background-color":"var(--ast-global-color-5)","background-image":"","background-repeat":"repeat","background-position":"center center","background-size":"auto","background-attachment":"scroll","background-type":"","background-media":"","overlay-type":"","overlay-color":"","overlay-opacity":"","overlay-gradient":""},"mobile":{"background-color":"var(--ast-global-color-5)","background-image":"","background-repeat":"repeat","background-position":"center center","background-size":"auto","background-attachment":"scroll","background-type":"","background-media":"","overlay-type":"","overlay-color":"","overlay-opacity":"","overlay-gradient":""}},"footnotes":""},"class_list":["post-170","page","type-page","status-publish","hentry"],"_links":{"self":[{"href":"https:\/\/displacement.sps.ed.ac.uk\/fr\/wp-json\/wp\/v2\/pages\/170","targetHints":{"allow":["GET"]}}],"collection":[{"href":"https:\/\/displacement.sps.ed.ac.uk\/fr\/wp-json\/wp\/v2\/pages"}],"about":[{"href":"https:\/\/displacement.sps.ed.ac.uk\/fr\/wp-json\/wp\/v2\/types\/page"}],"author":[{"embeddable":true,"href":"https:\/\/displacement.sps.ed.ac.uk\/fr\/wp-json\/wp\/v2\/users\/1"}],"replies":[{"embeddable":true,"href":"https:\/\/displacement.sps.ed.ac.uk\/fr\/wp-json\/wp\/v2\/comments?post=170"}],"version-history":[{"count":0,"href":"https:\/\/displacement.sps.ed.ac.uk\/fr\/wp-json\/wp\/v2\/pages\/170\/revisions"}],"wp:attachment":[{"href":"https:\/\/displacement.sps.ed.ac.uk\/fr\/wp-json\/wp\/v2\/media?parent=170"}],"curies":[{"name":"wp","href":"https:\/\/api.w.org\/{rel}","templated":true}]}}