{"id":138,"date":"2020-07-20T09:21:49","date_gmt":"2020-07-20T09:21:49","guid":{"rendered":"https:\/\/displacement.sps.ed.ac.uk\/?page_id=138"},"modified":"2020-09-07T07:30:39","modified_gmt":"2020-09-07T07:30:39","slug":"about","status":"publish","type":"page","link":"https:\/\/displacement.sps.ed.ac.uk\/fr\/about\/","title":{"rendered":"A propos du projet"},"content":{"rendered":"<div data-elementor-type=\"wp-page\" data-elementor-id=\"138\" class=\"elementor elementor-138\">\n\t\t\t\t\t\t<section class=\"elementor-section elementor-top-section elementor-element elementor-element-c076124 elementor-section-height-min-height elementor-section-content-middle elementor-section-boxed elementor-section-height-default elementor-section-items-middle\" data-id=\"c076124\" data-element_type=\"section\" data-settings=\"{&quot;background_background&quot;:&quot;classic&quot;}\">\n\t\t\t\t\t\t\t<div class=\"elementor-background-overlay\"><\/div>\n\t\t\t\t\t\t\t<div class=\"elementor-container elementor-column-gap-no\">\n\t\t\t\t\t<div class=\"elementor-column elementor-col-100 elementor-top-column elementor-element elementor-element-6663773\" data-id=\"6663773\" data-element_type=\"column\">\n\t\t\t<div class=\"elementor-widget-wrap\">\n\t\t\t\t\t\t\t<\/div>\n\t\t<\/div>\n\t\t\t\t\t<\/div>\n\t\t<\/section>\n\t\t\t\t<section class=\"elementor-section elementor-top-section elementor-element elementor-element-8083d42 elementor-section-boxed elementor-section-height-default elementor-section-height-default\" data-id=\"8083d42\" data-element_type=\"section\">\n\t\t\t\t\t\t<div class=\"elementor-container elementor-column-gap-default\">\n\t\t\t\t\t<div class=\"elementor-column elementor-col-100 elementor-top-column elementor-element elementor-element-b48e975\" data-id=\"b48e975\" data-element_type=\"column\">\n\t\t\t<div class=\"elementor-widget-wrap elementor-element-populated\">\n\t\t\t\t\t\t<div class=\"elementor-element elementor-element-723c4b6 elementor-widget elementor-widget-heading\" data-id=\"723c4b6\" data-element_type=\"widget\" data-widget_type=\"heading.default\">\n\t\t\t\t<div class=\"elementor-widget-container\">\n\t\t\t\t\t<h1 class=\"elementor-heading-title elementor-size-default\">A propos du projet<\/h1>\t\t\t\t<\/div>\n\t\t\t\t<\/div>\n\t\t\t\t\t<\/div>\n\t\t<\/div>\n\t\t\t\t\t<\/div>\n\t\t<\/section>\n\t\t\t\t<section class=\"elementor-section elementor-top-section elementor-element elementor-element-41efadb elementor-section-boxed elementor-section-height-default elementor-section-height-default\" data-id=\"41efadb\" data-element_type=\"section\">\n\t\t\t\t\t\t<div class=\"elementor-container elementor-column-gap-default\">\n\t\t\t\t\t<div class=\"elementor-column elementor-col-50 elementor-top-column elementor-element elementor-element-464f73e\" data-id=\"464f73e\" data-element_type=\"column\">\n\t\t\t<div class=\"elementor-widget-wrap elementor-element-populated\">\n\t\t\t\t\t\t<div class=\"elementor-element elementor-element-748f883 elementor-widget elementor-widget-text-editor\" data-id=\"748f883\" data-element_type=\"widget\" data-widget_type=\"text-editor.default\">\n\t\t\t\t<div class=\"elementor-widget-container\">\n\t\t\t\t\t\t\t\t\t<h2>D\u00e9fis\u00a0<\/h2><p class=\"translation-block\">Les personnes d\u00e9plac\u00e9es sont confront\u00e9es \u00e0 de multiples obstacles lorsqu'elles recherchent des soins de sant\u00e9 dans des contextes de d\u00e9placement prolong\u00e9, ce qui fait que les probl\u00e8me de sant\u00e9 de long terme sont souvent mal diagnostiqu\u00e9es et mal trait\u00e9es ou soit non diagnostiqu\u00e9es et non trait\u00e9es. Les conflits et la violence bas\u00e9e sur le genre, en particulier contre les femmes et les filles, g\u00e9n\u00e8rent une demande soins de sant\u00e9 extr\u00eamement importantes. Ceux-ci ont g\u00e9n\u00e9ralement re\u00e7u une attention consid\u00e9rable dans les contextes du d\u00e9placement prolong\u00e9, tout du moins pour les questions de sant\u00e9 physique.<\/p><p><span data-contrast=\"auto\">Cependant, les probl\u00e8mes de sant\u00e9 mentale chroniques associ\u00e9s aux probl\u00e8mes plu physiques \u2013tels que le trouble de stress post-traumatique, la d\u00e9pression, l'anxi\u00e9t\u00e9 et les troubles de l'adaptation\u2013 sont n\u00e9glig\u00e9s et n\u00e9cessitent une attention urgente. De plus, la violence sexuelle et de genre contre les hommes, les gar\u00e7ons et les personnes qui s'identifient comme LGBTQI + souffre d\u2019un manque chronique de recherche. Associ\u00e9s au d\u00e9placement prolong\u00e9, les probl\u00e8mes de sant\u00e9 physique et mentale \u00e0 long terme ont aussi des implications sociales telles que l'isolement, l'abandon et la marginalisation. Ceux-ci peuvent augmenter le risque de voir les personnes d\u00e9velopper des strat\u00e9gies de subsistance risqu\u00e9es, y compris le travail du sexe, ce qui peut encore accro\u00eetre l\u2019exposition \u00e0 la violence.<\/span><span data-ccp-props=\"{\">\u00a0<\/span><\/p><h2>Contexte\u00a0<\/h2><p class=\"translation-block\">L'Est de la RDC et la Somalie ont tous deux connu des conflits et des d\u00e9placements de longue dur\u00e9e depuis le d\u00e9but des ann\u00e9es 1990, entra\u00eenant d'importantes Populations de D\u00e9plac\u00e9s Internes (PDI) dans ces pays et d'importantes populations de r\u00e9fugi\u00e9s dans la r\u00e9gion. Les conflits et les d\u00e9placements dans l'Est de la RDC et en Somalie sont caract\u00e9ris\u00e9s par des taux \u00e9lev\u00e9s des violences sexuelles et violences bas\u00e9es sur le genre. Les victimes sont stigmatis\u00e9es en raison dominante des normes sexo-sp\u00e9cifiques et sexuelles. \n\nLes recherches en sant\u00e9 existantes ont tendance \u00e0 se concentrer sur les cons\u00e9quences imm\u00e9diates de la violence plut\u00f4t que sur les probl\u00e8mes de sant\u00e9 mentale et physique \u00e0 long terme.<\/p><h2>Sites de recherche\u00a0<\/h2><p class=\"translation-block\">Le projet DiSoCo comprend huit sites de terrain dans l\u2019Est de la RDC, en Somalie, au Kenya et en Afrique du Sud. Les quatre sites de terrain pour d\u00e9plac\u00e9s internes sont, \u00e0 la fois dans l\u2019Est de la RDC et en Somalie\u202f: un \u00ab\u202fcamp\u202f\u00bb et un site habit\u00e9 de fa\u00e7on plus informelle. Les deux pays ont des syst\u00e8mes de sant\u00e9 tr\u00e8s faible et les quatre autres sites se situent en Afrique du Sud et au Kenya, deux contextes avec des syst\u00e8mes de sant\u00e9s diff\u00e9rents (mais plus forts qu\u2019en Somalie et en RDC) et des politiques d\u2019asile diff\u00e9rentes.<\/p><h2>Objectifs du projet\u00a0<\/h2><p class=\"translation-block\">DiSoCo vise \u00e0 assister les personnes d\u00e9plac\u00e9es somaliennes et congolaises en Somalie, dans l'Est de la RDC, au Kenya et en Afrique du Sud \u00e0 acc\u00e9der \u00e0 des soins de sant\u00e9 appropri\u00e9s aux probl\u00e8mes de sant\u00e9 mentale chroniques associ\u00e9s aux d\u00e9placements prolong\u00e9s, aux conflits et \u00e0 la violence sexuelle et celle bas\u00e9e sur le genre :<\/p><ul><li class=\"translation-block\">am\u00e9liorer le diagnostic, la fourniture et l'accessibilit\u00e9 des soins de sant\u00e9 pour les probl\u00e8mes de sant\u00e9 physique et mentale chroniques et n\u00e9glig\u00e9s parmi les populations d\u00e9plac\u00e9es.<\/li><li data-leveltext=\"\uf0b7\" data-font=\"Symbol\" data-listid=\"2\" aria-setsize=\"-1\" data-aria-posinset=\"2\" data-aria-level=\"1\" class=\"translation-block\">aider \u00e0 d\u00e9velopper des syst\u00e8mes de sant\u00e9 r\u00e9silients, r\u00e9actifs et inclusifs qui contribuent \u00e0 des soci\u00e9t\u00e9s fortes et accueillantes.<\/li><li data-leveltext=\"\uf0b7\" data-font=\"Symbol\" data-listid=\"2\" aria-setsize=\"-1\" data-aria-posinset=\"2\" data-aria-level=\"1\" class=\"translation-block\">soutenir le d\u00e9veloppement de m\u00e9canismes et d'organisations qui autonomisent les communaut\u00e9s d\u00e9plac\u00e9es lorsqu'elles cherchent des soins de sant\u00e9.<\/li><\/ul><p class=\"translation-block\">Pour plus d'informations, veuillez envoyer un courriel \u00e0 la chercheuse principale Laura.Jeffery@ed.ac.uk\u202f<\/p>\t\t\t\t\t\t\t\t<\/div>\n\t\t\t\t<\/div>\n\t\t\t\t\t<\/div>\n\t\t<\/div>\n\t\t\t\t<div class=\"elementor-column elementor-col-50 elementor-top-column elementor-element elementor-element-f353bbd\" data-id=\"f353bbd\" data-element_type=\"column\">\n\t\t\t<div class=\"elementor-widget-wrap elementor-element-populated\">\n\t\t\t\t\t\t<div class=\"elementor-element elementor-element-911b9fe elementor-widget elementor-widget-image\" data-id=\"911b9fe\" data-element_type=\"widget\" data-widget_type=\"image.default\">\n\t\t\t\t<div class=\"elementor-widget-container\">\n\t\t\t\t\t\t\t\t\t\t\t\t<figure class=\"wp-caption\">\n\t\t\t\t\t\t\t\t\t\t<img fetchpriority=\"high\" decoding=\"async\" width=\"1000\" height=\"1000\" src=\"https:\/\/displacement.sps.ed.ac.uk\/wp-content\/uploads\/2020\/07\/laundry.jpg\" class=\"attachment-large size-large wp-image-151\" alt=\"decorative image of laundy hanging out to dry\" srcset=\"https:\/\/displacement.sps.ed.ac.uk\/wp-content\/uploads\/2020\/07\/laundry.jpg 1000w, https:\/\/displacement.sps.ed.ac.uk\/wp-content\/uploads\/2020\/07\/laundry-300x300.jpg 300w, https:\/\/displacement.sps.ed.ac.uk\/wp-content\/uploads\/2020\/07\/laundry-150x150.jpg 150w, https:\/\/displacement.sps.ed.ac.uk\/wp-content\/uploads\/2020\/07\/laundry-768x768.jpg 768w\" sizes=\"(max-width: 1000px) 100vw, 1000px\" \/>\t\t\t\t\t\t\t\t\t\t\t<figcaption class=\"widget-image-caption wp-caption-text\">Photo by: Clayton Boeyink<\/figcaption>\n\t\t\t\t\t\t\t\t\t\t<\/figure>\n\t\t\t\t\t\t\t\t\t<\/div>\n\t\t\t\t<\/div>\n\t\t\t\t<div class=\"elementor-element elementor-element-0024c7a elementor-widget elementor-widget-image\" data-id=\"0024c7a\" data-element_type=\"widget\" data-widget_type=\"image.default\">\n\t\t\t\t<div class=\"elementor-widget-container\">\n\t\t\t\t\t\t\t\t\t\t\t\t<figure class=\"wp-caption\">\n\t\t\t\t\t\t\t\t\t\t<img decoding=\"async\" width=\"1000\" height=\"667\" src=\"https:\/\/displacement.sps.ed.ac.uk\/wp-content\/uploads\/2020\/07\/about_righbar.jpg\" class=\"attachment-large size-large wp-image-147\" alt=\"decorative image of man crossing road\" srcset=\"https:\/\/displacement.sps.ed.ac.uk\/wp-content\/uploads\/2020\/07\/about_righbar.jpg 1000w, https:\/\/displacement.sps.ed.ac.uk\/wp-content\/uploads\/2020\/07\/about_righbar-300x200.jpg 300w, https:\/\/displacement.sps.ed.ac.uk\/wp-content\/uploads\/2020\/07\/about_righbar-768x512.jpg 768w\" sizes=\"(max-width: 1000px) 100vw, 1000px\" \/>\t\t\t\t\t\t\t\t\t\t\t<figcaption class=\"widget-image-caption wp-caption-text\">Photo by: Madoda Mkhobeni<\/figcaption>\n\t\t\t\t\t\t\t\t\t\t<\/figure>\n\t\t\t\t\t\t\t\t\t<\/div>\n\t\t\t\t<\/div>\n\t\t\t\t<div class=\"elementor-element elementor-element-84082de elementor-widget elementor-widget-image\" data-id=\"84082de\" data-element_type=\"widget\" data-widget_type=\"image.default\">\n\t\t\t\t<div class=\"elementor-widget-container\">\n\t\t\t\t\t\t\t\t\t\t\t\t<figure class=\"wp-caption\">\n\t\t\t\t\t\t\t\t\t\t<img decoding=\"async\" width=\"1000\" height=\"667\" src=\"https:\/\/displacement.sps.ed.ac.uk\/wp-content\/uploads\/2020\/07\/about_rightbar.jpg\" class=\"attachment-large size-large wp-image-148\" alt=\"decorative image of inside of appartment\" srcset=\"https:\/\/displacement.sps.ed.ac.uk\/wp-content\/uploads\/2020\/07\/about_rightbar.jpg 1000w, https:\/\/displacement.sps.ed.ac.uk\/wp-content\/uploads\/2020\/07\/about_rightbar-300x200.jpg 300w, https:\/\/displacement.sps.ed.ac.uk\/wp-content\/uploads\/2020\/07\/about_rightbar-768x512.jpg 768w\" sizes=\"(max-width: 1000px) 100vw, 1000px\" \/>\t\t\t\t\t\t\t\t\t\t\t<figcaption class=\"widget-image-caption wp-caption-text\">Photo by: Madoda Mkhobeni<\/figcaption>\n\t\t\t\t\t\t\t\t\t\t<\/figure>\n\t\t\t\t\t\t\t\t\t<\/div>\n\t\t\t\t<\/div>\n\t\t\t\t\t<\/div>\n\t\t<\/div>\n\t\t\t\t\t<\/div>\n\t\t<\/section>\n\t\t\t\t<section class=\"elementor-section elementor-top-section elementor-element elementor-element-0bbce21 elementor-section-boxed elementor-section-height-default elementor-section-height-default\" data-id=\"0bbce21\" data-element_type=\"section\">\n\t\t\t\t\t\t<div class=\"elementor-container elementor-column-gap-default\">\n\t\t\t\t\t<div class=\"elementor-column elementor-col-100 elementor-top-column elementor-element elementor-element-d01188e\" data-id=\"d01188e\" data-element_type=\"column\">\n\t\t\t<div class=\"elementor-widget-wrap elementor-element-populated\">\n\t\t\t\t\t\t<div class=\"elementor-element elementor-element-595fa9f elementor-widget elementor-widget-text-editor\" data-id=\"595fa9f\" data-element_type=\"widget\" data-widget_type=\"text-editor.default\">\n\t\t\t\t<div class=\"elementor-widget-container\">\n\t\t\t\t\t\t\t\t\t<p>&#8212;&#8212;&#8212;&#8212;&#8212;&#8211;<\/p><p>About page main banner photo by: Madoda Mkhobeni<\/p>\t\t\t\t\t\t\t\t<\/div>\n\t\t\t\t<\/div>\n\t\t\t\t\t<\/div>\n\t\t<\/div>\n\t\t\t\t\t<\/div>\n\t\t<\/section>\n\t\t\t\t<\/div>","protected":false},"excerpt":{"rendered":"<p>About the project Challenges\u00a0 Displaced people face multiple barriers when seeking healthcare in protracted displacement settings, with the result that long-term health conditions are often misdiagnosed and mistreated or undiagnosed and untreated.\u00a0The acute physical healthcare needs arising from conflict and gendered violence, particularly against women and girls, has received considerable attention in protracted displacement contexts. [&hellip;]<\/p>","protected":false},"author":1,"featured_media":0,"parent":0,"menu_order":0,"comment_status":"closed","ping_status":"closed","template":"","meta":{"site-sidebar-layout":"no-sidebar","site-content-layout":"page-builder","ast-site-content-layout":"","site-content-style":"default","site-sidebar-style":"default","ast-global-header-display":"","ast-banner-title-visibility":"","ast-main-header-display":"","ast-hfb-above-header-display":"","ast-hfb-below-header-display":"","ast-hfb-mobile-header-display":"","site-post-title":"disabled","ast-breadcrumbs-content":"","ast-featured-img":"disabled","footer-sml-layout":"","theme-transparent-header-meta":"default","adv-header-id-meta":"","stick-header-meta":"","header-above-stick-meta":"","header-main-stick-meta":"","header-below-stick-meta":"","astra-migrate-meta-layouts":"default","ast-page-background-enabled":"default","ast-page-background-meta":{"desktop":{"background-color":"","background-image":"","background-repeat":"repeat","background-position":"center center","background-size":"auto","background-attachment":"scroll","background-type":"","background-media":"","overlay-type":"","overlay-color":"","overlay-opacity":"","overlay-gradient":""},"tablet":{"background-color":"","background-image":"","background-repeat":"repeat","background-position":"center center","background-size":"auto","background-attachment":"scroll","background-type":"","background-media":"","overlay-type":"","overlay-color":"","overlay-opacity":"","overlay-gradient":""},"mobile":{"background-color":"","background-image":"","background-repeat":"repeat","background-position":"center center","background-size":"auto","background-attachment":"scroll","background-type":"","background-media":"","overlay-type":"","overlay-color":"","overlay-opacity":"","overlay-gradient":""}},"ast-content-background-meta":{"desktop":{"background-color":"var(--ast-global-color-5)","background-image":"","background-repeat":"repeat","background-position":"center center","background-size":"auto","background-attachment":"scroll","background-type":"","background-media":"","overlay-type":"","overlay-color":"","overlay-opacity":"","overlay-gradient":""},"tablet":{"background-color":"var(--ast-global-color-5)","background-image":"","background-repeat":"repeat","background-position":"center center","background-size":"auto","background-attachment":"scroll","background-type":"","background-media":"","overlay-type":"","overlay-color":"","overlay-opacity":"","overlay-gradient":""},"mobile":{"background-color":"var(--ast-global-color-5)","background-image":"","background-repeat":"repeat","background-position":"center center","background-size":"auto","background-attachment":"scroll","background-type":"","background-media":"","overlay-type":"","overlay-color":"","overlay-opacity":"","overlay-gradient":""}},"footnotes":""},"class_list":["post-138","page","type-page","status-publish","hentry"],"_links":{"self":[{"href":"https:\/\/displacement.sps.ed.ac.uk\/fr\/wp-json\/wp\/v2\/pages\/138","targetHints":{"allow":["GET"]}}],"collection":[{"href":"https:\/\/displacement.sps.ed.ac.uk\/fr\/wp-json\/wp\/v2\/pages"}],"about":[{"href":"https:\/\/displacement.sps.ed.ac.uk\/fr\/wp-json\/wp\/v2\/types\/page"}],"author":[{"embeddable":true,"href":"https:\/\/displacement.sps.ed.ac.uk\/fr\/wp-json\/wp\/v2\/users\/1"}],"replies":[{"embeddable":true,"href":"https:\/\/displacement.sps.ed.ac.uk\/fr\/wp-json\/wp\/v2\/comments?post=138"}],"version-history":[{"count":0,"href":"https:\/\/displacement.sps.ed.ac.uk\/fr\/wp-json\/wp\/v2\/pages\/138\/revisions"}],"wp:attachment":[{"href":"https:\/\/displacement.sps.ed.ac.uk\/fr\/wp-json\/wp\/v2\/media?parent=138"}],"curies":[{"name":"wp","href":"https:\/\/api.w.org\/{rel}","templated":true}]}}